{"id":1559,"date":"2025-05-16T09:00:19","date_gmt":"2025-05-16T07:00:19","guid":{"rendered":"https:\/\/lago-service.com\/?post_type=product&#038;p=1559"},"modified":"2025-05-16T09:00:20","modified_gmt":"2025-05-16T07:00:20","slug":"vermieter-hausbetreuung","status":"publish","type":"product","link":"https:\/\/lago-service.com\/it\/produkt\/vermieter-hausbetreuung\/","title":{"rendered":"Vermieter Hausbetreuung"},"content":{"rendered":"<p>Hausbetreuung<br \/>\n\u2022 Wartung: Kleinreparaturen &#038; Organisation von Handwerkern<br \/>\n\u2022 Schneer\u00e4umung &#038; Gr\u00fcnfl\u00e4chen: Hausmeisterleistungen<br \/>\n\u2022 Kosten: 2 % Kommission vom Nettoumsatz, pro Einsatz 50 Euro<br \/>\nDie Material- und Handwerker-Kosten sind darin nicht enthalten<\/p>\n","protected":false},"excerpt":{"rendered":"<p>Hausbetreuung \u2022 Wartung: Kleinreparaturen &#038; Organisation von Handwerkern \u2022 Schneer\u00e4umung &#038; Gr\u00fcnfl\u00e4chen: Hausmeisterleistungen \u2022 Kosten: 2 % Kommission vom Nettoumsatz, pro Einsatz 50 Euro Die Material- und Handwerker-Kosten sind darin nicht enthalten<\/p>\n","protected":false},"featured_media":0,"template":"","meta":{"neve_meta_sidebar":"","neve_meta_container":"","neve_meta_enable_content_width":"off","neve_meta_content_width":100,"neve_meta_title_alignment":"","neve_meta_author_avatar":"","neve_post_elements_order":"","neve_meta_disable_header":"","neve_meta_disable_footer":"","neve_meta_disable_title":"","neve_meta_reading_time":"","_themeisle_gutenberg_block_has_review":false},"product_brand":[],"product_cat":[62],"product_tag":[],"class_list":{"0":"post-1559","1":"product","2":"type-product","3":"status-publish","5":"product_cat-vermieter","7":"first","8":"instock","9":"taxable","10":"shipping-taxable","11":"purchasable","12":"product-type-simple"},"_links":{"self":[{"href":"https:\/\/lago-service.com\/it\/wp-json\/wp\/v2\/product\/1559","targetHints":{"allow":["GET"]}}],"collection":[{"href":"https:\/\/lago-service.com\/it\/wp-json\/wp\/v2\/product"}],"about":[{"href":"https:\/\/lago-service.com\/it\/wp-json\/wp\/v2\/types\/product"}],"wp:attachment":[{"href":"https:\/\/lago-service.com\/it\/wp-json\/wp\/v2\/media?parent=1559"}],"wp:term":[{"taxonomy":"product_brand","embeddable":true,"href":"https:\/\/lago-service.com\/it\/wp-json\/wp\/v2\/product_brand?post=1559"},{"taxonomy":"product_cat","embeddable":true,"href":"https:\/\/lago-service.com\/it\/wp-json\/wp\/v2\/product_cat?post=1559"},{"taxonomy":"product_tag","embeddable":true,"href":"https:\/\/lago-service.com\/it\/wp-json\/wp\/v2\/product_tag?post=1559"}],"curies":[{"name":"wp","href":"https:\/\/api.w.org\/{rel}","templated":true}]}}