{"id":1418,"date":"2025-05-10T13:08:32","date_gmt":"2025-05-10T11:08:32","guid":{"rendered":"https:\/\/lago-service.com\/?post_type=product&#038;p=1418"},"modified":"2025-05-11T12:56:05","modified_gmt":"2025-05-11T10:56:05","slug":"check-in-out","status":"publish","type":"product","link":"https:\/\/lago-service.com\/en\/produkt\/check-in-out\/","title":{"rendered":"Check-in\/out Service f\u00fcr Ihre G\u00e4ste Preise exkl. MwSt.)"},"content":{"rendered":"<p>Basisdienstleistungen<br \/>\n\u2714 Check-in\/Check-out f\u00fcr Ihre Ferieng\u00e4ste \u2013 Sie m\u00fcssen nicht selbst vor Ort sein.<\/p>\n<p>Zus\u00e4tzliche Optionen (wahlweise dazu buchbar)<br \/>\n\u2714 Reinigungsservice \u2013 Professionelle S\u00e4uberung nach jeder G\u00e4stephase.<br \/>\n\u2714 W\u00e4scheservice \u2013 Abholung und R\u00fcckbringung der W\u00e4sche (Bettw\u00e4sche, Handt\u00fccher etc.).<\/p>\n<p>Vorteile f\u00fcr Sie als Eigent\u00fcmer<\/p>\n<p>&#8211; Entlastung bei der Organisation<\/p>\n<p>&#8211; Zeitersparnis, da Sie sich nicht um Schl\u00fcssel\u00fcbergabe oder Reinigung k\u00fcmmern m\u00fcssen<\/p>\n<p>&#8211; Professionelle Betreuung der G\u00e4ste<\/p>\n<p>Falls Sie weitere Dienstleistungen wie z. B. G\u00e4stebetreuung, Notfallservice oder Marketing f\u00fcr Ihre Ferienimmobilie w\u00fcnschen, k\u00f6nnen wir das Angebot noch erweitern.<\/p>\n","protected":false},"excerpt":{"rendered":"<p>Check-in\/Check-in\/out f\u00fcr Ihre Ferieng\u00e4ste.<\/p>\n","protected":false},"featured_media":0,"template":"","meta":{"neve_meta_sidebar":"","neve_meta_container":"","neve_meta_enable_content_width":"off","neve_meta_content_width":100,"neve_meta_title_alignment":"","neve_meta_author_avatar":"","neve_post_elements_order":"","neve_meta_disable_header":"","neve_meta_disable_footer":"","neve_meta_disable_title":"","neve_meta_reading_time":"","_themeisle_gutenberg_block_has_review":false},"product_brand":[],"product_cat":[62],"product_tag":[],"class_list":{"0":"post-1418","1":"product","2":"type-product","3":"status-publish","5":"product_cat-vermieter","7":"first","8":"instock","9":"virtual","10":"taxable","11":"purchasable","12":"product-type-simple"},"_links":{"self":[{"href":"https:\/\/lago-service.com\/en\/wp-json\/wp\/v2\/product\/1418","targetHints":{"allow":["GET"]}}],"collection":[{"href":"https:\/\/lago-service.com\/en\/wp-json\/wp\/v2\/product"}],"about":[{"href":"https:\/\/lago-service.com\/en\/wp-json\/wp\/v2\/types\/product"}],"wp:attachment":[{"href":"https:\/\/lago-service.com\/en\/wp-json\/wp\/v2\/media?parent=1418"}],"wp:term":[{"taxonomy":"product_brand","embeddable":true,"href":"https:\/\/lago-service.com\/en\/wp-json\/wp\/v2\/product_brand?post=1418"},{"taxonomy":"product_cat","embeddable":true,"href":"https:\/\/lago-service.com\/en\/wp-json\/wp\/v2\/product_cat?post=1418"},{"taxonomy":"product_tag","embeddable":true,"href":"https:\/\/lago-service.com\/en\/wp-json\/wp\/v2\/product_tag?post=1418"}],"curies":[{"name":"wp","href":"https:\/\/api.w.org\/{rel}","templated":true}]}}